{"id":15715,"date":"2026-01-15T23:05:41","date_gmt":"2026-01-15T22:05:41","guid":{"rendered":"https:\/\/sunay.pe\/?post_type=product&#038;p=15715"},"modified":"2026-01-22T21:21:44","modified_gmt":"2026-01-22T20:21:44","slug":"box-tulipanes-aura","status":"publish","type":"product","link":"https:\/\/sunay.pe\/index.php\/product\/box-tulipanes-aura\/","title":{"rendered":"Box Tulipanes Aura"},"content":{"rendered":"<p>* 14 botones de tulipanes en vela aromatizado en color blanco<\/p>\n<p>* 01 coraz\u00f3n de vela aromatizado en color blanco<\/p>\n<p>* 01 lazo rojo<\/p>\n<p>* 02 tarjeta de dedicatoria<\/p>\n<p>* Dimensiones del box: 22 cm x 38 cm aprox.<\/p>\n<p>* Caja de acetato transparente<\/p>\n<p>* Imagen referencial, puede variar ligeramente<\/p>\n<p>* Producto exclusivo de Su\u00f1ay Per\u00fa<\/p>\n","protected":false},"excerpt":{"rendered":"<p>Nuestros ramos de tulipanes de velas est\u00e1n elaborados de forma artesanal, combinando dise\u00f1o premium, delicadeza, aromas de ensue\u00f1os y larga duraci\u00f3n.\u2028A diferencia de las flores naturales, no se marchitan, conservan su belleza y crean una atm\u00f3sfera c\u00e1lida y rom\u00e1ntica gracias a su suave iluminaci\u00f3n.<\/p>\n","protected":false},"featured_media":15761,"comment_status":"open","ping_status":"closed","template":"","meta":[],"product_cat":[21],"product_tag":[],"class_list":{"0":"post-15715","1":"product","2":"type-product","3":"status-publish","4":"has-post-thumbnail","6":"product_cat-navidad","8":"first","9":"instock","10":"sale","11":"shipping-taxable","12":"purchasable","13":"product-type-simple"},"_links":{"self":[{"href":"https:\/\/sunay.pe\/index.php\/wp-json\/wp\/v2\/product\/15715","targetHints":{"allow":["GET"]}}],"collection":[{"href":"https:\/\/sunay.pe\/index.php\/wp-json\/wp\/v2\/product"}],"about":[{"href":"https:\/\/sunay.pe\/index.php\/wp-json\/wp\/v2\/types\/product"}],"replies":[{"embeddable":true,"href":"https:\/\/sunay.pe\/index.php\/wp-json\/wp\/v2\/comments?post=15715"}],"version-history":[{"count":1,"href":"https:\/\/sunay.pe\/index.php\/wp-json\/wp\/v2\/product\/15715\/revisions"}],"predecessor-version":[{"id":15717,"href":"https:\/\/sunay.pe\/index.php\/wp-json\/wp\/v2\/product\/15715\/revisions\/15717"}],"wp:featuredmedia":[{"embeddable":true,"href":"https:\/\/sunay.pe\/index.php\/wp-json\/wp\/v2\/media\/15761"}],"wp:attachment":[{"href":"https:\/\/sunay.pe\/index.php\/wp-json\/wp\/v2\/media?parent=15715"}],"wp:term":[{"taxonomy":"product_cat","embeddable":true,"href":"https:\/\/sunay.pe\/index.php\/wp-json\/wp\/v2\/product_cat?post=15715"},{"taxonomy":"product_tag","embeddable":true,"href":"https:\/\/sunay.pe\/index.php\/wp-json\/wp\/v2\/product_tag?post=15715"}],"curies":[{"name":"wp","href":"https:\/\/api.w.org\/{rel}","templated":true}]}}