{"id":15747,"date":"2026-01-15T23:53:50","date_gmt":"2026-01-15T22:53:50","guid":{"rendered":"https:\/\/sunay.pe\/?post_type=product&#038;p=15747"},"modified":"2026-01-22T21:18:23","modified_gmt":"2026-01-22T20:18:23","slug":"tabla-reserva-sunay","status":"publish","type":"product","link":"https:\/\/sunay.pe\/index.php\/product\/tabla-reserva-sunay\/","title":{"rendered":"Tabla Reserva Su\u00f1ay"},"content":{"rendered":"<ul>\n<li>Queso petit brie<\/li>\n<li>Queso<\/li>\n<li>Queso<\/li>\n<li>Aceitunas verdes<\/li>\n<li>Tostadas<\/li>\n<li>Crema de jamon curado<\/li>\n<li>Pat\u00e9 Ib\u00e9rico<\/li>\n<li>Moras<\/li>\n<li>Franbuesa<\/li>\n<li>Frutos secos<\/li>\n<li>Pecadas acaramedas<\/li>\n<\/ul>\n","protected":false},"excerpt":{"rendered":"<p><strong>Tabla Reserva Su\u00f1ay<\/strong> es una <strong>tabla de quesos premium<\/strong> creada para quienes valoran el buen gusto y los detalles que perduran.<br \/>\nUna selecci\u00f3n cuidada que eleva cualquier ocasi\u00f3n y convierte un momento simple en una experiencia elegante, c\u00e1lida y memorable.<\/p>\n","protected":false},"featured_media":15758,"comment_status":"open","ping_status":"closed","template":"","meta":[],"product_cat":[21],"product_tag":[],"class_list":{"0":"post-15747","1":"product","2":"type-product","3":"status-publish","4":"has-post-thumbnail","6":"product_cat-navidad","8":"first","9":"instock","10":"sale","11":"shipping-taxable","12":"purchasable","13":"product-type-simple"},"_links":{"self":[{"href":"https:\/\/sunay.pe\/index.php\/wp-json\/wp\/v2\/product\/15747","targetHints":{"allow":["GET"]}}],"collection":[{"href":"https:\/\/sunay.pe\/index.php\/wp-json\/wp\/v2\/product"}],"about":[{"href":"https:\/\/sunay.pe\/index.php\/wp-json\/wp\/v2\/types\/product"}],"replies":[{"embeddable":true,"href":"https:\/\/sunay.pe\/index.php\/wp-json\/wp\/v2\/comments?post=15747"}],"version-history":[{"count":2,"href":"https:\/\/sunay.pe\/index.php\/wp-json\/wp\/v2\/product\/15747\/revisions"}],"predecessor-version":[{"id":15756,"href":"https:\/\/sunay.pe\/index.php\/wp-json\/wp\/v2\/product\/15747\/revisions\/15756"}],"wp:featuredmedia":[{"embeddable":true,"href":"https:\/\/sunay.pe\/index.php\/wp-json\/wp\/v2\/media\/15758"}],"wp:attachment":[{"href":"https:\/\/sunay.pe\/index.php\/wp-json\/wp\/v2\/media?parent=15747"}],"wp:term":[{"taxonomy":"product_cat","embeddable":true,"href":"https:\/\/sunay.pe\/index.php\/wp-json\/wp\/v2\/product_cat?post=15747"},{"taxonomy":"product_tag","embeddable":true,"href":"https:\/\/sunay.pe\/index.php\/wp-json\/wp\/v2\/product_tag?post=15747"}],"curies":[{"name":"wp","href":"https:\/\/api.w.org\/{rel}","templated":true}]}}